{"id":57,"date":"2019-09-10T14:37:56","date_gmt":"2019-09-10T12:37:56","guid":{"rendered":"http:\/\/laurence-eli.fr\/2019\/?page_id=57"},"modified":"2023-01-27T15:27:26","modified_gmt":"2023-01-27T14:27:26","slug":"chemins","status":"publish","type":"page","link":"https:\/\/laurence-eli.fr\/2019\/chemins\/","title":{"rendered":"Chemin\u2019s"},"content":{"rendered":"\t\t<div data-elementor-type=\"wp-post\" data-elementor-id=\"57\" class=\"elementor elementor-57\">\n\t\t\t\t\t\t\t\t\t<section class=\"elementor-section elementor-top-section elementor-element elementor-element-5a5ae068 elementor-section-boxed elementor-section-height-default elementor-section-height-default\" data-id=\"5a5ae068\" data-element_type=\"section\">\n\t\t\t\t\t\t<div class=\"elementor-container elementor-column-gap-default\">\n\t\t\t\t\t<div class=\"elementor-column elementor-col-100 elementor-top-column elementor-element elementor-element-34ad8dbc\" data-id=\"34ad8dbc\" data-element_type=\"column\">\n\t\t\t<div class=\"elementor-widget-wrap elementor-element-populated\">\n\t\t\t\t\t\t\t\t<div class=\"elementor-element elementor-element-407628c3 elementor-widget elementor-widget-text-editor\" data-id=\"407628c3\" data-element_type=\"widget\" data-widget_type=\"text-editor.default\">\n\t\t\t\t<div class=\"elementor-widget-container\">\n\t\t\t\t\t\t\t<p>Le chemin de Stevenson en avril 2011\u00a0me reconnecte \u00e0 cette ouverture, allant jusqu\u2019\u00e0 modifier mes choix de vie. Les teintes restent dans le min\u00e9ral. Conscience du chemin entre moi et le ciel.<\/p><p>2012, une autre randonn\u00e9e, plus spirituelle, une autre p\u00e9riode de vie o\u00f9 les choix se pr\u00e9cisent. Rencontres de terres riches et nourrici\u00e8res, encombr\u00e9es d\u2019obstacles \u00e0 d\u00e9passer. Les couleurs reviennent\u2026<\/p><p>Chemin de vie, d&rsquo;\u00e9volution, aride, min\u00e9ral, chaotique\u00a0 ou joyeux, chemin vers la lumi\u00e8re ou chemin de lumi\u00e8re, surprenant, passionnant.<\/p><p>Du km z\u00e9ro \u00e0 la destination finale, pas de retour en arri\u00e8re, il convient d&rsquo;avancer, d&rsquo;affronter, de se faufiler, parfois de s&rsquo;extraire, de se d\u00e9passer et au final, de fleurir, de s&rsquo;\u00e9panouir au mieux. En bref, il s&rsquo;agit de faire son chemin, cr\u00e9ateur conscient ou par d\u00e9faut, avec ses propres outils, sa propre vision.<\/p><p>Il nait aussi de cette d\u00e9-marche une exposition commune avec mon amie\u00a0<a href=\"http:\/\/yoame.canalblog.com\/\">Yoame<\/a> intitul\u00e9e CHEMIN&rsquo;S. (voir news).<\/p>\t\t\t\t\t\t<\/div>\n\t\t\t\t<\/div>\n\t\t\t\t\t<\/div>\n\t\t<\/div>\n\t\t\t\t\t\t\t<\/div>\n\t\t<\/section>\n\t\t\t\t<section class=\"elementor-section elementor-top-section elementor-element elementor-element-f792a5a elementor-section-boxed elementor-section-height-default elementor-section-height-default\" data-id=\"f792a5a\" data-element_type=\"section\">\n\t\t\t\t\t\t<div class=\"elementor-container elementor-column-gap-default\">\n\t\t\t\t\t<div class=\"elementor-column elementor-col-100 elementor-top-column elementor-element elementor-element-389776d\" data-id=\"389776d\" data-element_type=\"column\">\n\t\t\t<div class=\"elementor-widget-wrap elementor-element-populated\">\n\t\t\t\t\t\t\t\t<div class=\"elementor-element elementor-element-f978ea6 elementor-arrows-position-inside elementor-pagination-position-outside elementor-widget elementor-widget-image-carousel\" data-id=\"f978ea6\" data-element_type=\"widget\" data-settings=\"{&quot;slides_to_show&quot;:&quot;1&quot;,&quot;navigation&quot;:&quot;both&quot;,&quot;autoplay&quot;:&quot;yes&quot;,&quot;pause_on_hover&quot;:&quot;yes&quot;,&quot;pause_on_interaction&quot;:&quot;yes&quot;,&quot;autoplay_speed&quot;:5000,&quot;infinite&quot;:&quot;yes&quot;,&quot;effect&quot;:&quot;slide&quot;,&quot;speed&quot;:500}\" data-widget_type=\"image-carousel.default\">\n\t\t\t\t<div class=\"elementor-widget-container\">\n\t\t\t\t\t<div class=\"elementor-image-carousel-wrapper swiper-container\" dir=\"ltr\">\n\t\t\t<div class=\"elementor-image-carousel swiper-wrapper\" aria-live=\"off\">\n\t\t\t\t\t\t\t\t<div class=\"swiper-slide\" role=\"group\" aria-roledescription=\"slide\" aria-label=\"1 sur 7\"><figure class=\"swiper-slide-inner\"><img decoding=\"async\" class=\"swiper-slide-image\" src=\"https:\/\/laurence-eli.fr\/2019\/wp-content\/uploads\/2019\/09\/couleurs-arctiques-17-40x120-2011-petite.jpg\" alt=\"couleurs-arctiques-17-40x120-2011-petite\" \/><\/figure><\/div><div class=\"swiper-slide\" role=\"group\" aria-roledescription=\"slide\" aria-label=\"2 sur 7\"><figure class=\"swiper-slide-inner\"><img decoding=\"async\" class=\"swiper-slide-image\" src=\"https:\/\/laurence-eli.fr\/2019\/wp-content\/uploads\/2019\/09\/triptyque-chemin-768x607.jpg\" alt=\"triptyque-chemin\" \/><\/figure><\/div><div class=\"swiper-slide\" role=\"group\" aria-roledescription=\"slide\" aria-label=\"3 sur 7\"><figure class=\"swiper-slide-inner\"><img decoding=\"async\" class=\"swiper-slide-image\" src=\"https:\/\/laurence-eli.fr\/2019\/wp-content\/uploads\/2019\/09\/couleurs-arctiques-15-40x120-2011petite.jpg\" alt=\"couleurs-arctiques-15-40x120-2011petite\" \/><\/figure><\/div><div class=\"swiper-slide\" role=\"group\" aria-roledescription=\"slide\" aria-label=\"4 sur 7\"><figure class=\"swiper-slide-inner\"><img decoding=\"async\" class=\"swiper-slide-image\" src=\"https:\/\/laurence-eli.fr\/2019\/wp-content\/uploads\/2019\/09\/chemin-4.jpg\" alt=\"chemin-4\" \/><\/figure><\/div><div class=\"swiper-slide\" role=\"group\" aria-roledescription=\"slide\" aria-label=\"5 sur 7\"><figure class=\"swiper-slide-inner\"><img decoding=\"async\" class=\"swiper-slide-image\" src=\"https:\/\/laurence-eli.fr\/2019\/wp-content\/uploads\/2019\/09\/buis.jpg\" alt=\"buis\" \/><\/figure><\/div><div class=\"swiper-slide\" role=\"group\" aria-roledescription=\"slide\" aria-label=\"6 sur 7\"><figure class=\"swiper-slide-inner\"><img decoding=\"async\" class=\"swiper-slide-image\" src=\"https:\/\/laurence-eli.fr\/2019\/wp-content\/uploads\/2019\/09\/15-cm-serie-chemin-oct12-recadr-768x777.jpg\" alt=\"15-cm-serie-chemin-oct12-recadr\" \/><\/figure><\/div><div class=\"swiper-slide\" role=\"group\" aria-roledescription=\"slide\" aria-label=\"7 sur 7\"><figure class=\"swiper-slide-inner\"><img decoding=\"async\" class=\"swiper-slide-image\" src=\"https:\/\/laurence-eli.fr\/2019\/wp-content\/uploads\/2019\/09\/14-couleurs-arctiques-2011-768x776.jpg\" alt=\"14-couleurs-arctiques-2011\" \/><\/figure><\/div>\t\t\t<\/div>\n\t\t\t\t\t\t\t\t\t\t\t\t<div class=\"elementor-swiper-button elementor-swiper-button-prev\" role=\"button\" tabindex=\"0\">\n\t\t\t\t\t\t<i aria-hidden=\"true\" class=\"eicon-chevron-left\"><\/i>\t\t\t\t\t<\/div>\n\t\t\t\t\t<div class=\"elementor-swiper-button elementor-swiper-button-next\" role=\"button\" tabindex=\"0\">\n\t\t\t\t\t\t<i aria-hidden=\"true\" class=\"eicon-chevron-right\"><\/i>\t\t\t\t\t<\/div>\n\t\t\t\t\n\t\t\t\t\t\t\t\t\t<div class=\"swiper-pagination\"><\/div>\n\t\t\t\t\t\t\t\t\t<\/div>\n\t\t\t\t<\/div>\n\t\t\t\t<\/div>\n\t\t\t\t\t<\/div>\n\t\t<\/div>\n\t\t\t\t\t\t\t<\/div>\n\t\t<\/section>\n\t\t\t\t<section class=\"elementor-section elementor-top-section elementor-element elementor-element-ea6306f elementor-section-boxed elementor-section-height-default elementor-section-height-default\" data-id=\"ea6306f\" data-element_type=\"section\">\n\t\t\t\t\t\t<div class=\"elementor-container elementor-column-gap-default\">\n\t\t\t\t\t<div class=\"elementor-column elementor-col-100 elementor-top-column elementor-element elementor-element-d161529\" data-id=\"d161529\" data-element_type=\"column\">\n\t\t\t<div class=\"elementor-widget-wrap elementor-element-populated\">\n\t\t\t\t\t\t\t\t<div class=\"elementor-element elementor-element-a412d53 elementor-widget elementor-widget-text-editor\" data-id=\"a412d53\" data-element_type=\"widget\" data-widget_type=\"text-editor.default\">\n\t\t\t\t<div class=\"elementor-widget-container\">\n\t\t\t\t\t\t\t<p><i style=\"font-size: 16px;\">The path of Stevenson in april 2011 reconnects me to this opening (Spitzberg), going so far as to change my choices of life. The colors remain in the mineral. Consciousness of the way beteween me and heaven.<\/i><\/p><p><i>As the hikes progress, the choices become clearer. Meeting of rich and nourishing lands, encumbered with obstacles to overcome. the colors come back.<\/i><\/p><p><i>Path of life, evolution, arid, mineral, chaotic or merry, path to light or path of light, surprising, exciting.<\/i><\/p>\t\t\t\t\t\t<\/div>\n\t\t\t\t<\/div>\n\t\t\t\t\t<\/div>\n\t\t<\/div>\n\t\t\t\t\t\t\t<\/div>\n\t\t<\/section>\n\t\t\t\t\t\t\t<\/div>\n\t\t","protected":false},"excerpt":{"rendered":"<p>Le chemin de Stevenson en avril 2011\u00a0me reconnecte \u00e0 cette ouverture, allant jusqu\u2019\u00e0 modifier mes choix de vie. Les teintes restent dans le min\u00e9ral. Conscience du chemin entre moi et le ciel. 2012, une autre randonn\u00e9e, plus spirituelle, une autre p\u00e9riode de vie o\u00f9 les choix se pr\u00e9cisent. Rencontres de terres riches et nourrici\u00e8res, encombr\u00e9es [&hellip;]<\/p>\n","protected":false},"author":4,"featured_media":0,"parent":0,"menu_order":0,"comment_status":"closed","ping_status":"closed","template":"","meta":{"ocean_post_layout":"","ocean_both_sidebars_style":"","ocean_both_sidebars_content_width":0,"ocean_both_sidebars_sidebars_width":0,"ocean_sidebar":"0","ocean_second_sidebar":"0","ocean_disable_margins":"enable","ocean_add_body_class":"","ocean_shortcode_before_top_bar":"","ocean_shortcode_after_top_bar":"","ocean_shortcode_before_header":"","ocean_shortcode_after_header":"","ocean_has_shortcode":"","ocean_shortcode_after_title":"","ocean_shortcode_before_footer_widgets":"","ocean_shortcode_after_footer_widgets":"","ocean_shortcode_before_footer_bottom":"","ocean_shortcode_after_footer_bottom":"","ocean_display_top_bar":"default","ocean_display_header":"default","ocean_header_style":"","ocean_center_header_left_menu":"0","ocean_custom_header_template":"0","ocean_custom_logo":0,"ocean_custom_retina_logo":0,"ocean_custom_logo_max_width":0,"ocean_custom_logo_tablet_max_width":0,"ocean_custom_logo_mobile_max_width":0,"ocean_custom_logo_max_height":0,"ocean_custom_logo_tablet_max_height":0,"ocean_custom_logo_mobile_max_height":0,"ocean_header_custom_menu":"0","ocean_menu_typo_font_family":"0","ocean_menu_typo_font_subset":"","ocean_menu_typo_font_size":0,"ocean_menu_typo_font_size_tablet":0,"ocean_menu_typo_font_size_mobile":0,"ocean_menu_typo_font_size_unit":"px","ocean_menu_typo_font_weight":"","ocean_menu_typo_font_weight_tablet":"","ocean_menu_typo_font_weight_mobile":"","ocean_menu_typo_transform":"","ocean_menu_typo_transform_tablet":"","ocean_menu_typo_transform_mobile":"","ocean_menu_typo_line_height":0,"ocean_menu_typo_line_height_tablet":0,"ocean_menu_typo_line_height_mobile":0,"ocean_menu_typo_line_height_unit":"","ocean_menu_typo_spacing":0,"ocean_menu_typo_spacing_tablet":0,"ocean_menu_typo_spacing_mobile":0,"ocean_menu_typo_spacing_unit":"","ocean_menu_link_color":"","ocean_menu_link_color_hover":"","ocean_menu_link_color_active":"","ocean_menu_link_background":"","ocean_menu_link_hover_background":"","ocean_menu_link_active_background":"","ocean_menu_social_links_bg":"","ocean_menu_social_hover_links_bg":"","ocean_menu_social_links_color":"","ocean_menu_social_hover_links_color":"","ocean_disable_title":"default","ocean_disable_heading":"default","ocean_post_title":"","ocean_post_subheading":"","ocean_post_title_style":"","ocean_post_title_background_color":"","ocean_post_title_background":0,"ocean_post_title_bg_image_position":"","ocean_post_title_bg_image_attachment":"","ocean_post_title_bg_image_repeat":"","ocean_post_title_bg_image_size":"","ocean_post_title_height":0,"ocean_post_title_bg_overlay":0.5,"ocean_post_title_bg_overlay_color":"","ocean_disable_breadcrumbs":"default","ocean_breadcrumbs_color":"","ocean_breadcrumbs_separator_color":"","ocean_breadcrumbs_links_color":"","ocean_breadcrumbs_links_hover_color":"","ocean_display_footer_widgets":"default","ocean_display_footer_bottom":"default","ocean_custom_footer_template":"0","footnotes":""},"class_list":["post-57","page","type-page","status-publish","hentry","entry"],"aioseo_notices":[],"_links":{"self":[{"href":"https:\/\/laurence-eli.fr\/2019\/wp-json\/wp\/v2\/pages\/57","targetHints":{"allow":["GET"]}}],"collection":[{"href":"https:\/\/laurence-eli.fr\/2019\/wp-json\/wp\/v2\/pages"}],"about":[{"href":"https:\/\/laurence-eli.fr\/2019\/wp-json\/wp\/v2\/types\/page"}],"author":[{"embeddable":true,"href":"https:\/\/laurence-eli.fr\/2019\/wp-json\/wp\/v2\/users\/4"}],"replies":[{"embeddable":true,"href":"https:\/\/laurence-eli.fr\/2019\/wp-json\/wp\/v2\/comments?post=57"}],"version-history":[{"count":18,"href":"https:\/\/laurence-eli.fr\/2019\/wp-json\/wp\/v2\/pages\/57\/revisions"}],"predecessor-version":[{"id":390,"href":"https:\/\/laurence-eli.fr\/2019\/wp-json\/wp\/v2\/pages\/57\/revisions\/390"}],"wp:attachment":[{"href":"https:\/\/laurence-eli.fr\/2019\/wp-json\/wp\/v2\/media?parent=57"}],"curies":[{"name":"wp","href":"https:\/\/api.w.org\/{rel}","templated":true}]}}