{"id":54,"date":"2019-09-10T14:35:54","date_gmt":"2019-09-10T12:35:54","guid":{"rendered":"http:\/\/laurence-eli.fr\/2019\/?page_id=54"},"modified":"2019-09-11T18:38:50","modified_gmt":"2019-09-11T16:38:50","slug":"tableaux","status":"publish","type":"page","link":"https:\/\/laurence-eli.fr\/2019\/tableaux\/","title":{"rendered":"Tableaux"},"content":{"rendered":"\t\t<div data-elementor-type=\"wp-post\" data-elementor-id=\"54\" class=\"elementor elementor-54\">\n\t\t\t\t\t\t\t\t\t<section class=\"elementor-section elementor-top-section elementor-element elementor-element-6612a9d elementor-section-boxed elementor-section-height-default elementor-section-height-default\" data-id=\"6612a9d\" data-element_type=\"section\">\n\t\t\t\t\t\t<div class=\"elementor-container elementor-column-gap-default\">\n\t\t\t\t\t<div class=\"elementor-column elementor-col-100 elementor-top-column elementor-element elementor-element-10ec4bc1\" data-id=\"10ec4bc1\" data-element_type=\"column\">\n\t\t\t<div class=\"elementor-widget-wrap elementor-element-populated\">\n\t\t\t\t\t\t\t\t<div class=\"elementor-element elementor-element-662c0b5 elementor-widget elementor-widget-image\" data-id=\"662c0b5\" data-element_type=\"widget\" data-widget_type=\"image.default\">\n\t\t\t\t<div class=\"elementor-widget-container\">\n\t\t\t\t\t\t\t\t\t\t\t\t\t\t\t<img fetchpriority=\"high\" decoding=\"async\" width=\"875\" height=\"584\" src=\"https:\/\/laurence-eli.fr\/2019\/wp-content\/uploads\/2019\/09\/installation-au-chateau.jpg\" class=\"attachment-large size-large wp-image-23\" alt=\"\" srcset=\"https:\/\/laurence-eli.fr\/2019\/wp-content\/uploads\/2019\/09\/installation-au-chateau.jpg 875w, https:\/\/laurence-eli.fr\/2019\/wp-content\/uploads\/2019\/09\/installation-au-chateau-300x200.jpg 300w, https:\/\/laurence-eli.fr\/2019\/wp-content\/uploads\/2019\/09\/installation-au-chateau-768x513.jpg 768w\" sizes=\"(max-width: 875px) 100vw, 875px\" \/>\t\t\t\t\t\t\t\t\t\t\t\t\t\t\t<\/div>\n\t\t\t\t<\/div>\n\t\t\t\t<div class=\"elementor-element elementor-element-3656900c elementor-widget elementor-widget-text-editor\" data-id=\"3656900c\" data-element_type=\"widget\" data-widget_type=\"text-editor.default\">\n\t\t\t\t<div class=\"elementor-widget-container\">\n\t\t\t\t\t\t\t<p><span style=\"line-height: 1.6em;\">Le processus de cr\u00e9ation passe par une envie de couleur ou de mouvement, celui-ci est induit par la texture \u00e9paisse de la couche de base du tableau et renforc\u00e9 par la couleur. L\u00e0, il y a une part de myst\u00e8re, je ne peux pas vraiment pr\u00e9voir le r\u00e9sultat final. Les couches de glacis, pos\u00e9s, effac\u00e9s, renforc\u00e9s viennent parfois r\u00e9v\u00e9ler la magie de la cr\u00e9ation en me surprenant par le r\u00e9sultat de cette combinaison de techniques.<\/span><\/p>\t\t\t\t\t\t<\/div>\n\t\t\t\t<\/div>\n\t\t\t\t\t<\/div>\n\t\t<\/div>\n\t\t\t\t\t\t\t<\/div>\n\t\t<\/section>\n\t\t\t\t\t\t\t<\/div>\n\t\t","protected":false},"excerpt":{"rendered":"<p>Le processus de cr\u00e9ation passe par une envie de couleur ou de mouvement, celui-ci est induit par la texture \u00e9paisse de la couche de base du tableau et renforc\u00e9 par la couleur. L\u00e0, il y a une part de myst\u00e8re, je ne peux pas vraiment pr\u00e9voir le r\u00e9sultat final. Les couches de glacis, pos\u00e9s, effac\u00e9s, [&hellip;]<\/p>\n","protected":false},"author":4,"featured_media":0,"parent":0,"menu_order":0,"comment_status":"closed","ping_status":"closed","template":"","meta":{"ocean_post_layout":"","ocean_both_sidebars_style":"","ocean_both_sidebars_content_width":0,"ocean_both_sidebars_sidebars_width":0,"ocean_sidebar":"0","ocean_second_sidebar":"0","ocean_disable_margins":"enable","ocean_add_body_class":"","ocean_shortcode_before_top_bar":"","ocean_shortcode_after_top_bar":"","ocean_shortcode_before_header":"","ocean_shortcode_after_header":"","ocean_has_shortcode":"","ocean_shortcode_after_title":"","ocean_shortcode_before_footer_widgets":"","ocean_shortcode_after_footer_widgets":"","ocean_shortcode_before_footer_bottom":"","ocean_shortcode_after_footer_bottom":"","ocean_display_top_bar":"default","ocean_display_header":"default","ocean_header_style":"","ocean_center_header_left_menu":"0","ocean_custom_header_template":"0","ocean_custom_logo":0,"ocean_custom_retina_logo":0,"ocean_custom_logo_max_width":0,"ocean_custom_logo_tablet_max_width":0,"ocean_custom_logo_mobile_max_width":0,"ocean_custom_logo_max_height":0,"ocean_custom_logo_tablet_max_height":0,"ocean_custom_logo_mobile_max_height":0,"ocean_header_custom_menu":"0","ocean_menu_typo_font_family":"0","ocean_menu_typo_font_subset":"","ocean_menu_typo_font_size":0,"ocean_menu_typo_font_size_tablet":0,"ocean_menu_typo_font_size_mobile":0,"ocean_menu_typo_font_size_unit":"px","ocean_menu_typo_font_weight":"","ocean_menu_typo_font_weight_tablet":"","ocean_menu_typo_font_weight_mobile":"","ocean_menu_typo_transform":"","ocean_menu_typo_transform_tablet":"","ocean_menu_typo_transform_mobile":"","ocean_menu_typo_line_height":0,"ocean_menu_typo_line_height_tablet":0,"ocean_menu_typo_line_height_mobile":0,"ocean_menu_typo_line_height_unit":"","ocean_menu_typo_spacing":0,"ocean_menu_typo_spacing_tablet":0,"ocean_menu_typo_spacing_mobile":0,"ocean_menu_typo_spacing_unit":"","ocean_menu_link_color":"","ocean_menu_link_color_hover":"","ocean_menu_link_color_active":"","ocean_menu_link_background":"","ocean_menu_link_hover_background":"","ocean_menu_link_active_background":"","ocean_menu_social_links_bg":"","ocean_menu_social_hover_links_bg":"","ocean_menu_social_links_color":"","ocean_menu_social_hover_links_color":"","ocean_disable_title":"default","ocean_disable_heading":"default","ocean_post_title":"","ocean_post_subheading":"","ocean_post_title_style":"","ocean_post_title_background_color":"","ocean_post_title_background":0,"ocean_post_title_bg_image_position":"","ocean_post_title_bg_image_attachment":"","ocean_post_title_bg_image_repeat":"","ocean_post_title_bg_image_size":"","ocean_post_title_height":0,"ocean_post_title_bg_overlay":0.5,"ocean_post_title_bg_overlay_color":"","ocean_disable_breadcrumbs":"default","ocean_breadcrumbs_color":"","ocean_breadcrumbs_separator_color":"","ocean_breadcrumbs_links_color":"","ocean_breadcrumbs_links_hover_color":"","ocean_display_footer_widgets":"default","ocean_display_footer_bottom":"default","ocean_custom_footer_template":"0","footnotes":""},"class_list":["post-54","page","type-page","status-publish","hentry","entry"],"aioseo_notices":[],"_links":{"self":[{"href":"https:\/\/laurence-eli.fr\/2019\/wp-json\/wp\/v2\/pages\/54","targetHints":{"allow":["GET"]}}],"collection":[{"href":"https:\/\/laurence-eli.fr\/2019\/wp-json\/wp\/v2\/pages"}],"about":[{"href":"https:\/\/laurence-eli.fr\/2019\/wp-json\/wp\/v2\/types\/page"}],"author":[{"embeddable":true,"href":"https:\/\/laurence-eli.fr\/2019\/wp-json\/wp\/v2\/users\/4"}],"replies":[{"embeddable":true,"href":"https:\/\/laurence-eli.fr\/2019\/wp-json\/wp\/v2\/comments?post=54"}],"version-history":[{"count":3,"href":"https:\/\/laurence-eli.fr\/2019\/wp-json\/wp\/v2\/pages\/54\/revisions"}],"predecessor-version":[{"id":276,"href":"https:\/\/laurence-eli.fr\/2019\/wp-json\/wp\/v2\/pages\/54\/revisions\/276"}],"wp:attachment":[{"href":"https:\/\/laurence-eli.fr\/2019\/wp-json\/wp\/v2\/media?parent=54"}],"curies":[{"name":"wp","href":"https:\/\/api.w.org\/{rel}","templated":true}]}}