{"id":47,"date":"2019-09-10T14:34:23","date_gmt":"2019-09-10T12:34:23","guid":{"rendered":"http:\/\/laurence-eli.fr\/2019\/?page_id=47"},"modified":"2023-02-02T18:59:52","modified_gmt":"2023-02-02T17:59:52","slug":"expositions-communes","status":"publish","type":"page","link":"https:\/\/laurence-eli.fr\/2019\/expositions-communes\/","title":{"rendered":"Expositions communes"},"content":{"rendered":"\t\t<div data-elementor-type=\"wp-page\" data-elementor-id=\"47\" class=\"elementor elementor-47\">\n\t\t\t\t\t\t\t\t\t<section class=\"elementor-section elementor-top-section elementor-element elementor-element-501086df elementor-section-boxed elementor-section-height-default elementor-section-height-default\" data-id=\"501086df\" data-element_type=\"section\">\n\t\t\t\t\t\t<div class=\"elementor-container elementor-column-gap-default\">\n\t\t\t\t\t<div class=\"elementor-column elementor-col-100 elementor-top-column elementor-element elementor-element-2f9624d6\" data-id=\"2f9624d6\" data-element_type=\"column\">\n\t\t\t<div class=\"elementor-widget-wrap elementor-element-populated\">\n\t\t\t\t\t\t\t\t<div class=\"elementor-element elementor-element-5875c33d elementor-widget elementor-widget-text-editor\" data-id=\"5875c33d\" data-element_type=\"widget\" data-widget_type=\"text-editor.default\">\n\t\t\t\t<div class=\"elementor-widget-container\">\n\t\t\t\t\t\t\t<p>\u00a0<\/p><p>2020 &#8211; juin : 1\u00e8re biennale de peinture du pays d&rsquo;Aix avec Renk&rsquo;art<\/p><p>2017 &#8211; Ao\u00fbt : le presbyt\u00e8re d&rsquo;Ansouis avec Atelier d&rsquo;Artistes du Paradou<\/p><p>2016 \u2013\u00a0 Diff\u00e9rents march\u00e9s d\u2019art d&rsquo;avril \u00e0 septembre \u00e0 Vaison la Romaine, Lourmarin et l\u2019Isle sur la Sorgue<\/p><p>2015 \u2013 diff\u00e9rents march\u00e9s d\u2019Arts \u00e0 Vaison la Romaine et L\u2019Isle sur la Sorgue.<\/p><p style=\"padding-left: 30px;\">&#8212;\u00a0 Cholet en octobre : Salon des Arts<\/p><p style=\"padding-left: 30px;\">&#8211; Ateliers Portes ouvertes \u00e0 Montreuil en octobrre<\/p><p>2014 &#8211; Saint R\u00e9my de Provence, Vaison la Romaine, Uzes et Robion : March\u00e9s d\u2019artistes, de mai \u00e0 Novembre.<\/p><p style=\"padding-left: 30px;\">&#8211; En d\u00e9cembre le \u00ab Salon d\u2019art de fin d\u2019ann\u00e9e \u00bb avec les Arts \u00f4 Soleil \u00e0 Pernes les Fontaine<\/p><p>2013 \u2013 Salon des Arts \u00e0 Cadenet en mars et\u00a0 \u00ab La route des peintres\u00a0\u00bb \u00e0 St R\u00e9my en mai, sept et oct<\/p><p>2012 \u2013\u00a02011 &#8211; Salon des Arts \u00e0 Cadenet<\/p><p>2008 &#8211; 2009 &#8211; 2010\u2013 Diverses expos communes \u00e0 Cadenet : Salon des Arts\u00a0 et Association\u00a04A ; pr\u00e9sentation de 1 \u00e0 6 toiles.<\/p><p>2007 \u2013 6\u00e9me Salon des Arts \u00e0 Cadenet (84) et en\u00a0mars &#8211; juillet et novembre \u2013 association 4 A \u2013 pr\u00e9sentation de 1 \u00e0 4 toiles<\/p><p>2006 \u2013 Association 4 A \u2013 pr\u00e9sentation de 1 \u00e0 3 toiles en\u00a0mars, juillet et novembre et Automnale des Peintres \u00e0 St Cyr (83) en octobre<\/p><p>2001 \u2013 2002 \u2013 2003 \u2013 MJC \u2013 Venelles (13)<\/p><p>1980 \u2013 MJC \u2013 Nogent sur Marne (94)<\/p><p>\u00a0<\/p>\t\t\t\t\t\t<\/div>\n\t\t\t\t<\/div>\n\t\t\t\t\t<\/div>\n\t\t<\/div>\n\t\t\t\t\t\t\t<\/div>\n\t\t<\/section>\n\t\t\t\t\t\t\t<\/div>\n\t\t","protected":false},"excerpt":{"rendered":"<p>\u00a0 2020 &#8211; juin : 1\u00e8re biennale de peinture du pays d&rsquo;Aix avec Renk&rsquo;art 2017 &#8211; Ao\u00fbt : le presbyt\u00e8re d&rsquo;Ansouis avec Atelier d&rsquo;Artistes du Paradou 2016 \u2013\u00a0 Diff\u00e9rents march\u00e9s d\u2019art d&rsquo;avril \u00e0 septembre \u00e0 Vaison la Romaine, Lourmarin et l\u2019Isle sur la Sorgue 2015 \u2013 diff\u00e9rents march\u00e9s d\u2019Arts \u00e0 Vaison la Romaine et L\u2019Isle [&hellip;]<\/p>\n","protected":false},"author":4,"featured_media":0,"parent":0,"menu_order":0,"comment_status":"closed","ping_status":"closed","template":"","meta":{"ocean_post_layout":"","ocean_both_sidebars_style":"","ocean_both_sidebars_content_width":0,"ocean_both_sidebars_sidebars_width":0,"ocean_sidebar":"0","ocean_second_sidebar":"0","ocean_disable_margins":"enable","ocean_add_body_class":"","ocean_shortcode_before_top_bar":"","ocean_shortcode_after_top_bar":"","ocean_shortcode_before_header":"","ocean_shortcode_after_header":"","ocean_has_shortcode":"","ocean_shortcode_after_title":"","ocean_shortcode_before_footer_widgets":"","ocean_shortcode_after_footer_widgets":"","ocean_shortcode_before_footer_bottom":"","ocean_shortcode_after_footer_bottom":"","ocean_display_top_bar":"default","ocean_display_header":"default","ocean_header_style":"","ocean_center_header_left_menu":"0","ocean_custom_header_template":"0","ocean_custom_logo":0,"ocean_custom_retina_logo":0,"ocean_custom_logo_max_width":0,"ocean_custom_logo_tablet_max_width":0,"ocean_custom_logo_mobile_max_width":0,"ocean_custom_logo_max_height":0,"ocean_custom_logo_tablet_max_height":0,"ocean_custom_logo_mobile_max_height":0,"ocean_header_custom_menu":"0","ocean_menu_typo_font_family":"0","ocean_menu_typo_font_subset":"","ocean_menu_typo_font_size":0,"ocean_menu_typo_font_size_tablet":0,"ocean_menu_typo_font_size_mobile":0,"ocean_menu_typo_font_size_unit":"px","ocean_menu_typo_font_weight":"","ocean_menu_typo_font_weight_tablet":"","ocean_menu_typo_font_weight_mobile":"","ocean_menu_typo_transform":"","ocean_menu_typo_transform_tablet":"","ocean_menu_typo_transform_mobile":"","ocean_menu_typo_line_height":0,"ocean_menu_typo_line_height_tablet":0,"ocean_menu_typo_line_height_mobile":0,"ocean_menu_typo_line_height_unit":"","ocean_menu_typo_spacing":0,"ocean_menu_typo_spacing_tablet":0,"ocean_menu_typo_spacing_mobile":0,"ocean_menu_typo_spacing_unit":"","ocean_menu_link_color":"","ocean_menu_link_color_hover":"","ocean_menu_link_color_active":"","ocean_menu_link_background":"","ocean_menu_link_hover_background":"","ocean_menu_link_active_background":"","ocean_menu_social_links_bg":"","ocean_menu_social_hover_links_bg":"","ocean_menu_social_links_color":"","ocean_menu_social_hover_links_color":"","ocean_disable_title":"default","ocean_disable_heading":"default","ocean_post_title":"","ocean_post_subheading":"","ocean_post_title_style":"","ocean_post_title_background_color":"","ocean_post_title_background":0,"ocean_post_title_bg_image_position":"","ocean_post_title_bg_image_attachment":"","ocean_post_title_bg_image_repeat":"","ocean_post_title_bg_image_size":"","ocean_post_title_height":0,"ocean_post_title_bg_overlay":0.5,"ocean_post_title_bg_overlay_color":"","ocean_disable_breadcrumbs":"default","ocean_breadcrumbs_color":"","ocean_breadcrumbs_separator_color":"","ocean_breadcrumbs_links_color":"","ocean_breadcrumbs_links_hover_color":"","ocean_display_footer_widgets":"default","ocean_display_footer_bottom":"default","ocean_custom_footer_template":"0","footnotes":""},"class_list":["post-47","page","type-page","status-publish","hentry","entry"],"aioseo_notices":[],"_links":{"self":[{"href":"https:\/\/laurence-eli.fr\/2019\/wp-json\/wp\/v2\/pages\/47","targetHints":{"allow":["GET"]}}],"collection":[{"href":"https:\/\/laurence-eli.fr\/2019\/wp-json\/wp\/v2\/pages"}],"about":[{"href":"https:\/\/laurence-eli.fr\/2019\/wp-json\/wp\/v2\/types\/page"}],"author":[{"embeddable":true,"href":"https:\/\/laurence-eli.fr\/2019\/wp-json\/wp\/v2\/users\/4"}],"replies":[{"embeddable":true,"href":"https:\/\/laurence-eli.fr\/2019\/wp-json\/wp\/v2\/comments?post=47"}],"version-history":[{"count":4,"href":"https:\/\/laurence-eli.fr\/2019\/wp-json\/wp\/v2\/pages\/47\/revisions"}],"predecessor-version":[{"id":406,"href":"https:\/\/laurence-eli.fr\/2019\/wp-json\/wp\/v2\/pages\/47\/revisions\/406"}],"wp:attachment":[{"href":"https:\/\/laurence-eli.fr\/2019\/wp-json\/wp\/v2\/media?parent=47"}],"curies":[{"name":"wp","href":"https:\/\/api.w.org\/{rel}","templated":true}]}}